{"id":3,"date":"2021-02-10T09:51:33","date_gmt":"2021-02-10T09:51:33","guid":{"rendered":"https:\/\/tikitaka.global\/?page_id=3"},"modified":"2022-03-16T16:33:38","modified_gmt":"2022-03-16T16:33:38","slug":"aviso-de-privacidad","status":"publish","type":"page","link":"https:\/\/tikitaka.global\/es\/aviso-de-privacidad\/","title":{"rendered":"Aviso de Privacidad"},"content":{"rendered":"<p>[vc_row css=\u00bb.vc_custom_1645205261893{padding-top: 100px !important;padding-bottom: 80px !important;background-color: #ffffff !important;}\u00bb][vc_column width=\u00bb1\/6&#8243;][\/vc_column][vc_column width=\u00bb2\/3&#8243;][vc_column_text]<\/p>\r\n<p class=\"has-text-align-center\" style=\"text-align: left;\"><em>En la\u00a0 aplicaci\u00f3n de la normativa vigente en materia de protecci\u00f3n de datos de car\u00e1cter personal, informa que los datos personales que se recogen a trav\u00e9s de los formularios del sitio web: tikitaka studio y <\/em>de acuerdo a lo previsto en la \u201cley federal de protecci\u00f3n de datos personales en posesi\u00f3n de los particulares\u201d, declara Soccerly S.A.P.I. de C.V. con domicilio en Vito Alessio Robles 68 Col.Florida C.P. 01030 Alcald\u00eda \u00c1lvaro Obreg\u00f3n, CDMX; quien es responsable del tratamiento de sus datos personales, hace de su conocimiento que la informaci\u00f3n de nuestros clientes es tratada de forma estrictamente confidencial, por lo que al proporcionar sus datos personales, ser\u00e1n \u00fanica y exclusivamente para los fines relacionados con la prestaci\u00f3n de los servicios profesionales encomendados a tikitaka studio, por cada particular o empresa.<\/p>\r\n<p style=\"text-align: left;\"><br \/><\/p>\r\n<p class=\"has-text-align-center\" style=\"text-align: left;\">Estos ser\u00e1n utilizados \u00fanica y exclusivamente para los fines contratados y podr\u00e1n ser compartidos o transferidos a terceros para complementar y en su caso, mejorar los servicios solicitados.<\/p>\r\n<p style=\"text-align: left;\"><br \/><\/p>\r\n<p class=\"has-text-align-center\" style=\"text-align: left;\">Asimismo, hemos tomado las medidas necesarias para prevenir el acceso no autorizado a sus datos personales, con el fin de asegurar que la informaci\u00f3n sea utilizada para los fines establecidos en esta pol\u00edtica de privacidad.<\/p>\r\n<p style=\"text-align: left;\"><br \/><\/p>\r\n<p class=\"has-text-align-center\" style=\"text-align: left;\">Todos sus datos personales son tratados de acuerdo a la legislaci\u00f3n aplicable y vigente en el pa\u00eds, por ello le informamos que usted tiene en todo momento los derechos (arco) de acceder, rectificar, cancelar u oponerse al tratamiento o divulgaci\u00f3n que le damos a sus datos personales; derecho que podr\u00e1 ejercer al tel\u00e9fono 556 268 5050, o por medio del correo electr\u00f3nico contacto@tikitaka.studio. Esta pol\u00edtica de privacidad podr\u00e1 ser modificado por Soccerly S.A.P.I. de C.V. por lo que dichas modificaciones ser\u00e1n oportunamente informadas a trav\u00e9s de correo electr\u00f3nico, tel\u00e9fono, p\u00e1gina web oficial, o cualquier otro medio de comunicaci\u00f3n que tikitaka studio determine para tal efecto.<\/p>\r\n<p>[\/vc_column_text][\/vc_column][vc_column width=\u00bb1\/6&#8243;][\/vc_column][\/vc_row]<\/p>","protected":false},"excerpt":{"rendered":"<p>[vc_row css=\u00bb.vc_custom_1645205261893{padding-top: 100px !important;padding-bottom: 80px !important;background-color: #ffffff !important;}\u00bb][vc_column width=\u00bb1\/6&#8243;][\/vc_column][vc_column width=\u00bb2\/3&#8243;][vc_column_text] En la\u00a0 aplicaci\u00f3n de la normativa vigente en materia de protecci\u00f3n de datos de car\u00e1cter personal, informa que los datos personales que se recogen a trav\u00e9s de los formularios del sitio web: tikitaka studio y de acuerdo a lo previsto en la \u201cley federal de [&hellip;]<\/p>\n","protected":false},"author":1,"featured_media":0,"parent":0,"menu_order":0,"comment_status":"closed","ping_status":"closed","template":"","meta":{"footnotes":""},"class_list":["post-3","page","type-page","status-publish","hentry"],"yoast_head":"<!-- This site is optimized with the Yoast SEO plugin v22.0 - https:\/\/yoast.com\/wordpress\/plugins\/seo\/ -->\n<title>Aviso de Privacidad | tikitaka<\/title>\n<meta name=\"robots\" content=\"index, follow, max-snippet:-1, max-image-preview:large, max-video-preview:-1\" \/>\n<link rel=\"canonical\" href=\"https:\/\/tikitaka.global\/aviso-de-privacidad\/\" \/>\n<meta property=\"og:locale\" content=\"es_ES\" \/>\n<meta property=\"og:type\" content=\"article\" \/>\n<meta property=\"og:title\" content=\"Aviso de Privacidad | tikitaka\" \/>\n<meta property=\"og:description\" content=\"[vc_row css=\u00bb.vc_custom_1645205261893{padding-top: 100px !important;padding-bottom: 80px !important;background-color: #ffffff !important;}\u00bb][vc_column width=\u00bb1\/6&#8243;][\/vc_column][vc_column width=\u00bb2\/3&#8243;][vc_column_text] En la\u00a0 aplicaci\u00f3n de la normativa vigente en materia de protecci\u00f3n de datos de car\u00e1cter personal, informa que los datos personales que se recogen a trav\u00e9s de los formularios del sitio web: tikitaka studio y de acuerdo a lo previsto en la \u201cley federal de [&hellip;]\" \/>\n<meta property=\"og:url\" content=\"https:\/\/tikitaka.global\/aviso-de-privacidad\/\" \/>\n<meta property=\"og:site_name\" content=\"tikitaka\" \/>\n<meta property=\"article:modified_time\" content=\"2022-03-16T16:33:38+00:00\" \/>\n<meta name=\"twitter:card\" content=\"summary_large_image\" \/>\n<meta name=\"twitter:site\" content=\"@tikitaka_agency\" \/>\n<meta name=\"twitter:label1\" content=\"Tiempo de lectura\" \/>\n\t<meta name=\"twitter:data1\" content=\"2 minutos\" \/>\n<script type=\"application\/ld+json\" class=\"yoast-schema-graph\">{\"@context\":\"https:\/\/schema.org\",\"@graph\":[{\"@type\":\"WebPage\",\"@id\":\"https:\/\/tikitaka.global\/aviso-de-privacidad\/\",\"url\":\"https:\/\/tikitaka.global\/aviso-de-privacidad\/\",\"name\":\"Aviso de Privacidad | tikitaka\",\"isPartOf\":{\"@id\":\"https:\/\/tikitaka.global\/#website\"},\"datePublished\":\"2021-02-10T09:51:33+00:00\",\"dateModified\":\"2022-03-16T16:33:38+00:00\",\"breadcrumb\":{\"@id\":\"https:\/\/tikitaka.global\/aviso-de-privacidad\/#breadcrumb\"},\"inLanguage\":\"es\",\"potentialAction\":[{\"@type\":\"ReadAction\",\"target\":[\"https:\/\/tikitaka.global\/aviso-de-privacidad\/\"]}]},{\"@type\":\"BreadcrumbList\",\"@id\":\"https:\/\/tikitaka.global\/aviso-de-privacidad\/#breadcrumb\",\"itemListElement\":[{\"@type\":\"ListItem\",\"position\":1,\"name\":\"Portada\",\"item\":\"https:\/\/tikitaka.global\/es\/\"},{\"@type\":\"ListItem\",\"position\":2,\"name\":\"Aviso de Privacidad\"}]},{\"@type\":\"WebSite\",\"@id\":\"https:\/\/tikitaka.global\/#website\",\"url\":\"https:\/\/tikitaka.global\/\",\"name\":\"tikitaka\",\"description\":\"Sports Agency\",\"publisher\":{\"@id\":\"https:\/\/tikitaka.global\/#organization\"},\"potentialAction\":[{\"@type\":\"SearchAction\",\"target\":{\"@type\":\"EntryPoint\",\"urlTemplate\":\"https:\/\/tikitaka.global\/?s={search_term_string}\"},\"query-input\":\"required name=search_term_string\"}],\"inLanguage\":\"es\"},{\"@type\":\"Organization\",\"@id\":\"https:\/\/tikitaka.global\/#organization\",\"name\":\"tikitaka\",\"url\":\"https:\/\/tikitaka.global\/\",\"logo\":{\"@type\":\"ImageObject\",\"inLanguage\":\"es\",\"@id\":\"https:\/\/tikitaka.global\/#\/schema\/logo\/image\/\",\"url\":\"https:\/\/tikitaka.global\/wp-content\/uploads\/2022\/01\/logo_vector_negro.svg\",\"contentUrl\":\"https:\/\/tikitaka.global\/wp-content\/uploads\/2022\/01\/logo_vector_negro.svg\",\"width\":907,\"height\":233,\"caption\":\"tikitaka\"},\"image\":{\"@id\":\"https:\/\/tikitaka.global\/#\/schema\/logo\/image\/\"},\"sameAs\":[\"https:\/\/twitter.com\/tikitaka_agency\",\"https:\/\/www.instagram.com\/tikitaka.agency\/\"]}]}<\/script>\n<!-- \/ Yoast SEO plugin. -->","yoast_head_json":{"title":"Aviso de Privacidad | tikitaka","robots":{"index":"index","follow":"follow","max-snippet":"max-snippet:-1","max-image-preview":"max-image-preview:large","max-video-preview":"max-video-preview:-1"},"canonical":"https:\/\/tikitaka.global\/aviso-de-privacidad\/","og_locale":"es_ES","og_type":"article","og_title":"Aviso de Privacidad | tikitaka","og_description":"[vc_row css=\u00bb.vc_custom_1645205261893{padding-top: 100px !important;padding-bottom: 80px !important;background-color: #ffffff !important;}\u00bb][vc_column width=\u00bb1\/6&#8243;][\/vc_column][vc_column width=\u00bb2\/3&#8243;][vc_column_text] En la\u00a0 aplicaci\u00f3n de la normativa vigente en materia de protecci\u00f3n de datos de car\u00e1cter personal, informa que los datos personales que se recogen a trav\u00e9s de los formularios del sitio web: tikitaka studio y de acuerdo a lo previsto en la \u201cley federal de [&hellip;]","og_url":"https:\/\/tikitaka.global\/aviso-de-privacidad\/","og_site_name":"tikitaka","article_modified_time":"2022-03-16T16:33:38+00:00","twitter_card":"summary_large_image","twitter_site":"@tikitaka_agency","twitter_misc":{"Tiempo de lectura":"2 minutos"},"schema":{"@context":"https:\/\/schema.org","@graph":[{"@type":"WebPage","@id":"https:\/\/tikitaka.global\/aviso-de-privacidad\/","url":"https:\/\/tikitaka.global\/aviso-de-privacidad\/","name":"Aviso de Privacidad | tikitaka","isPartOf":{"@id":"https:\/\/tikitaka.global\/#website"},"datePublished":"2021-02-10T09:51:33+00:00","dateModified":"2022-03-16T16:33:38+00:00","breadcrumb":{"@id":"https:\/\/tikitaka.global\/aviso-de-privacidad\/#breadcrumb"},"inLanguage":"es","potentialAction":[{"@type":"ReadAction","target":["https:\/\/tikitaka.global\/aviso-de-privacidad\/"]}]},{"@type":"BreadcrumbList","@id":"https:\/\/tikitaka.global\/aviso-de-privacidad\/#breadcrumb","itemListElement":[{"@type":"ListItem","position":1,"name":"Portada","item":"https:\/\/tikitaka.global\/es\/"},{"@type":"ListItem","position":2,"name":"Aviso de Privacidad"}]},{"@type":"WebSite","@id":"https:\/\/tikitaka.global\/#website","url":"https:\/\/tikitaka.global\/","name":"tikitaka","description":"Sports Agency","publisher":{"@id":"https:\/\/tikitaka.global\/#organization"},"potentialAction":[{"@type":"SearchAction","target":{"@type":"EntryPoint","urlTemplate":"https:\/\/tikitaka.global\/?s={search_term_string}"},"query-input":"required name=search_term_string"}],"inLanguage":"es"},{"@type":"Organization","@id":"https:\/\/tikitaka.global\/#organization","name":"tikitaka","url":"https:\/\/tikitaka.global\/","logo":{"@type":"ImageObject","inLanguage":"es","@id":"https:\/\/tikitaka.global\/#\/schema\/logo\/image\/","url":"https:\/\/tikitaka.global\/wp-content\/uploads\/2022\/01\/logo_vector_negro.svg","contentUrl":"https:\/\/tikitaka.global\/wp-content\/uploads\/2022\/01\/logo_vector_negro.svg","width":907,"height":233,"caption":"tikitaka"},"image":{"@id":"https:\/\/tikitaka.global\/#\/schema\/logo\/image\/"},"sameAs":["https:\/\/twitter.com\/tikitaka_agency","https:\/\/www.instagram.com\/tikitaka.agency\/"]}]}},"_links":{"self":[{"href":"https:\/\/tikitaka.global\/es\/wp-json\/wp\/v2\/pages\/3","targetHints":{"allow":["GET"]}}],"collection":[{"href":"https:\/\/tikitaka.global\/es\/wp-json\/wp\/v2\/pages"}],"about":[{"href":"https:\/\/tikitaka.global\/es\/wp-json\/wp\/v2\/types\/page"}],"author":[{"embeddable":true,"href":"https:\/\/tikitaka.global\/es\/wp-json\/wp\/v2\/users\/1"}],"replies":[{"embeddable":true,"href":"https:\/\/tikitaka.global\/es\/wp-json\/wp\/v2\/comments?post=3"}],"version-history":[{"count":14,"href":"https:\/\/tikitaka.global\/es\/wp-json\/wp\/v2\/pages\/3\/revisions"}],"predecessor-version":[{"id":1340,"href":"https:\/\/tikitaka.global\/es\/wp-json\/wp\/v2\/pages\/3\/revisions\/1340"}],"wp:attachment":[{"href":"https:\/\/tikitaka.global\/es\/wp-json\/wp\/v2\/media?parent=3"}],"curies":[{"name":"wp","href":"https:\/\/api.w.org\/{rel}","templated":true}]}}