{"id":756,"date":"2022-03-08T23:30:36","date_gmt":"2022-03-08T23:30:36","guid":{"rendered":"https:\/\/tikitaka.global\/?page_id=756"},"modified":"2023-05-11T18:02:31","modified_gmt":"2023-05-11T23:02:31","slug":"nosotros","status":"publish","type":"page","link":"https:\/\/tikitaka.global\/es\/nosotros\/","title":{"rendered":"Nosotros"},"content":{"rendered":"<p>[vc_row gap=\u00bb0&#8243; equal_height=\u00bbyes\u00bb content_placement=\u00bbmiddle\u00bb css=\u00bb.vc_custom_1683155542639{padding-top: 80px !important;padding-right: 20px !important;padding-bottom: 60px !important;padding-left: 20px !important;background-color: #f8ea31 !important;}\u00bb responsive_css=\u00bbpadding_top_medium:80px|padding_right_medium:0px|padding_bottom_medium:60px|padding_left_medium:0px\u00bb][vc_column offset=\u00bbvc_col-md-5&#8243; responsive_css=\u00bbmargin_bottom_medium:0px\u00bb css=\u00bb.vc_custom_1646788983615{background-position: center !important;background-repeat: no-repeat !important;background-size: contain !important;}\u00bb]<style>.ld_fancy_heading_69d014b973edc h2{color:rgb(24, 18, 14);}.ld_fancy_heading_69d014b973edc h2 {font-size:35px; } .ld_fancy_heading_69d014b973edc h2 {line-height:1.2em; } .ld_fancy_heading_69d014b973edc h2 {--element-line-height:1.2em; } .ld_fancy_heading_69d014b973edc h2 {margin-bottom:1.5em !important;  } .ld_fancy_heading_69d014b973edc .lqd-highlight-inner{height:0.275em!important;bottom:0px!important;}.ld_fancy_heading_69d014b973edc h2 {font-size:35px; } .ld_fancy_heading_69d014b973edc h2 {line-height:1.2em; } .ld_fancy_heading_69d014b973edc h2 {--element-line-height:1.2em; } .ld_fancy_heading_69d014b973edc h2 {margin-bottom:1.5em !important;  } <\/style><div class=\"ld-fancy-heading ld_fancy_heading_69d014b973edc\">\n\t<h2 class=\"ld-fh-element lqd-highlight-underline lqd-highlight-grow-left text-decoration-default\"   >  Somos la agencia que conecta al mundo del\u00a0<strong>deporte<\/strong>. Ayudamos a nuestros partners a crecer sus audiencias de habla hispana para que tenga presencia local y global.<\/h2><\/div>[\/vc_column][vc_column parallax=\u00bbyes\u00bb width=\u00bb1\/12&#8243; scale_from_x=\u00bb1&#8243; scale_from_y=\u00bb1&#8243; from_opacity=\u00bb1&#8243; scale_to_x=\u00bb1&#8243; scale_to_y=\u00bb1&#8243; to_opacity=\u00bb1&#8243; offset=\u00bbvc_hidden-xs\u00bb translate_from_y=\u00bb-500&#8243; translate_from_z=\u00bb1&#8243; translate_to_x=\u00bb165&#8243; translate_to_y=\u00bb294&#8243; translate_from_x=\u00bb-243&#8243;][\/vc_column][vc_column offset=\u00bbvc_col-md-6&#8243; responsive_css=\u00bbpadding_right_large:7%25|padding_right_medium:5%25|padding_left_medium:8%25&#8243; css=\u00bb.vc_custom_1646778628691{background-position: center !important;background-repeat: no-repeat !important;background-size: contain !important;}\u00bb]<style>.ld_fancy_heading_69d014b9743e8 p {font-size:19px; } .ld_fancy_heading_69d014b9743e8 p {margin-bottom:1.25em !important;  } .ld_fancy_heading_69d014b9743e8 .lqd-highlight-inner{height:0.275em!important;bottom:0px!important;}.ld_fancy_heading_69d014b9743e8 p {font-size:19px; } .ld_fancy_heading_69d014b9743e8 p {margin-bottom:1.25em !important;  } <\/style><div class=\"ld-fancy-heading ld_fancy_heading_69d014b9743e8\">\n\t<p class=\"ld-fh-element lqd-highlight-underline lqd-highlight-grow-left text-decoration-default\"   >  Nuestro background como empresa de medios digitales (desde 1999) nos abri\u00f3 muchas puertas para consolidarnos con las mejores relaciones y reputaci\u00f3n en la industria deportiva. Y fue en 2016 cuando identificamos la gran oportunidad de no solo desarrollar nuestras propias marcas sino tambi\u00e9n colaborar con empresas y organizaciones deportivas para compartir con ellas todo lo aprendido en nuestra trayectoria.<\/p>\n<p>As\u00ed nace tikitaka, como una agencia especializada en el sports marketing orgullosos de tener una experiencia \u00fanica en el mercado mexicano. Poco a poco fueron llegando marcas como Coca-Cola, Sky o Tecate para luego consolidarnos tambi\u00e9n como el principal aliado digital para organizaciones como la NFL, Mextenis, NBA, entre muchas otras.<\/p>\n<p>Somos m\u00e1s de 70 privilegiados que amamos nuestro trabajo y nos dedicamos a lo que m\u00e1s nos apasiona, por ello, vivimos d\u00eda a d\u00eda el sue\u00f1o de seguir creciendo y hacer historia de la mano del deporte.<\/p>\n<p>Gracias por visitar nuestro sitio, te invitamos a que nos conozcas m\u00e1s y nos contactes si te interesa trabajar con nosotros o si nos quieres presentar alg\u00fan proyecto en el cual podamos sumar.<\/p><\/div>[\/vc_column][\/vc_row][vc_row full_width=\u00bbstretch_row\u00bb content_placement=\u00bbtop\u00bb parallax=\u00bbenable_parallax\u00bb bg_position=\u00bbleft center\u00bb enable_overlay=\u00bbyes\u00bb responsive_css=\u00bbpadding_top_medium:250px|padding_bottom_medium:250px\u00bb css=\u00bb.vc_custom_1647395209445{padding-top: 80px !important;padding-bottom: 80px !important;background-image: url(https:\/\/tikitaka.global\/wp-content\/uploads\/2022\/03\/underdog_b_w.jpg?id=1096) !important;background-position: center;background-repeat: no-repeat !important;background-size: cover !important;}\u00bb overlay_bg=\u00bbrgba(0, 0, 0, 0.09)\u00bb][vc_column responsive_css=\u00bbmargin_top_medium:-40px|padding_bottom_medium:0px\u00bb css=\u00bb.vc_custom_1646873648910{padding-bottom: 40px !important;}\u00bb][vc_single_image image=\u00bb1334&#8243; alignment=\u00bbcenter\u00bb el_class=\u00bbcrucesfoto\u00bb][\/vc_column][\/vc_row]<\/p>\n","protected":false},"excerpt":{"rendered":"<p>[vc_row gap=\u00bb0&#8243; equal_height=\u00bbyes\u00bb content_placement=\u00bbmiddle\u00bb css=\u00bb.vc_custom_1683155542639{padding-top: 80px !important;padding-right: 20px !important;padding-bottom: 60px !important;padding-left: 20px !important;background-color: #f8ea31 !important;}\u00bb responsive_css=\u00bbpadding_top_medium:80px|padding_right_medium:0px|padding_bottom_medium:60px|padding_left_medium:0px\u00bb][vc_column offset=\u00bbvc_col-md-5&#8243; responsive_css=\u00bbmargin_bottom_medium:0px\u00bb css=\u00bb.vc_custom_1646788983615{background-position: center !important;background-repeat: no-repeat !important;background-size: contain !important;}\u00bb][\/vc_column][vc_column parallax=\u00bbyes\u00bb width=\u00bb1\/12&#8243; scale_from_x=\u00bb1&#8243; scale_from_y=\u00bb1&#8243; from_opacity=\u00bb1&#8243; scale_to_x=\u00bb1&#8243; scale_to_y=\u00bb1&#8243; to_opacity=\u00bb1&#8243; offset=\u00bbvc_hidden-xs\u00bb translate_from_y=\u00bb-500&#8243; translate_from_z=\u00bb1&#8243; translate_to_x=\u00bb165&#8243; translate_to_y=\u00bb294&#8243; translate_from_x=\u00bb-243&#8243;][\/vc_column][vc_column offset=\u00bbvc_col-md-6&#8243; responsive_css=\u00bbpadding_right_large:7%25|padding_right_medium:5%25|padding_left_medium:8%25&#8243; css=\u00bb.vc_custom_1646778628691{background-position: center !important;background-repeat: no-repeat !important;background-size: contain !important;}\u00bb][\/vc_column][\/vc_row][vc_row full_width=\u00bbstretch_row\u00bb content_placement=\u00bbtop\u00bb parallax=\u00bbenable_parallax\u00bb bg_position=\u00bbleft center\u00bb enable_overlay=\u00bbyes\u00bb responsive_css=\u00bbpadding_top_medium:250px|padding_bottom_medium:250px\u00bb [&hellip;]<\/p>\n","protected":false},"author":2,"featured_media":0,"parent":0,"menu_order":0,"comment_status":"closed","ping_status":"closed","template":"","meta":{"footnotes":""},"class_list":["post-756","page","type-page","status-publish","hentry"],"yoast_head":"<!-- This site is optimized with the Yoast SEO plugin v22.0 - https:\/\/yoast.com\/wordpress\/plugins\/seo\/ -->\n<title>Nosotros | tikitaka<\/title>\n<meta name=\"robots\" content=\"index, follow, max-snippet:-1, max-image-preview:large, max-video-preview:-1\" \/>\n<link rel=\"canonical\" href=\"https:\/\/tikitaka.global\/nosotros\/\" \/>\n<meta property=\"og:locale\" content=\"es_ES\" \/>\n<meta property=\"og:type\" content=\"article\" \/>\n<meta property=\"og:title\" content=\"Nosotros | tikitaka\" \/>\n<meta property=\"og:description\" content=\"[vc_row gap=\u00bb0&#8243; equal_height=\u00bbyes\u00bb content_placement=\u00bbmiddle\u00bb css=\u00bb.vc_custom_1683155542639{padding-top: 80px !important;padding-right: 20px !important;padding-bottom: 60px !important;padding-left: 20px !important;background-color: #f8ea31 !important;}\u00bb responsive_css=\u00bbpadding_top_medium:80px|padding_right_medium:0px|padding_bottom_medium:60px|padding_left_medium:0px\u00bb][vc_column offset=\u00bbvc_col-md-5&#8243; responsive_css=\u00bbmargin_bottom_medium:0px\u00bb css=\u00bb.vc_custom_1646788983615{background-position: center !important;background-repeat: no-repeat !important;background-size: contain !important;}\u00bb][\/vc_column][vc_column parallax=\u00bbyes\u00bb width=\u00bb1\/12&#8243; scale_from_x=\u00bb1&#8243; scale_from_y=\u00bb1&#8243; from_opacity=\u00bb1&#8243; scale_to_x=\u00bb1&#8243; scale_to_y=\u00bb1&#8243; to_opacity=\u00bb1&#8243; offset=\u00bbvc_hidden-xs\u00bb translate_from_y=\u00bb-500&#8243; translate_from_z=\u00bb1&#8243; translate_to_x=\u00bb165&#8243; translate_to_y=\u00bb294&#8243; translate_from_x=\u00bb-243&#8243;][\/vc_column][vc_column offset=\u00bbvc_col-md-6&#8243; responsive_css=\u00bbpadding_right_large:7%25|padding_right_medium:5%25|padding_left_medium:8%25&#8243; css=\u00bb.vc_custom_1646778628691{background-position: center !important;background-repeat: no-repeat !important;background-size: contain !important;}\u00bb][\/vc_column][\/vc_row][vc_row full_width=\u00bbstretch_row\u00bb content_placement=\u00bbtop\u00bb parallax=\u00bbenable_parallax\u00bb bg_position=\u00bbleft center\u00bb enable_overlay=\u00bbyes\u00bb responsive_css=\u00bbpadding_top_medium:250px|padding_bottom_medium:250px\u00bb [&hellip;]\" \/>\n<meta property=\"og:url\" content=\"https:\/\/tikitaka.global\/nosotros\/\" \/>\n<meta property=\"og:site_name\" content=\"tikitaka\" \/>\n<meta property=\"article:modified_time\" content=\"2023-05-11T23:02:31+00:00\" \/>\n<meta name=\"twitter:card\" content=\"summary_large_image\" \/>\n<meta name=\"twitter:site\" content=\"@tikitaka_agency\" \/>\n<meta name=\"twitter:label1\" content=\"Tiempo de lectura\" \/>\n\t<meta name=\"twitter:data1\" content=\"2 minutos\" \/>\n<script type=\"application\/ld+json\" class=\"yoast-schema-graph\">{\"@context\":\"https:\/\/schema.org\",\"@graph\":[{\"@type\":\"WebPage\",\"@id\":\"https:\/\/tikitaka.global\/nosotros\/\",\"url\":\"https:\/\/tikitaka.global\/nosotros\/\",\"name\":\"Nosotros | tikitaka\",\"isPartOf\":{\"@id\":\"https:\/\/tikitaka.global\/#website\"},\"datePublished\":\"2022-03-08T23:30:36+00:00\",\"dateModified\":\"2023-05-11T23:02:31+00:00\",\"breadcrumb\":{\"@id\":\"https:\/\/tikitaka.global\/nosotros\/#breadcrumb\"},\"inLanguage\":\"es\",\"potentialAction\":[{\"@type\":\"ReadAction\",\"target\":[\"https:\/\/tikitaka.global\/nosotros\/\"]}]},{\"@type\":\"BreadcrumbList\",\"@id\":\"https:\/\/tikitaka.global\/nosotros\/#breadcrumb\",\"itemListElement\":[{\"@type\":\"ListItem\",\"position\":1,\"name\":\"Portada\",\"item\":\"https:\/\/tikitaka.global\/es\/\"},{\"@type\":\"ListItem\",\"position\":2,\"name\":\"Nosotros\"}]},{\"@type\":\"WebSite\",\"@id\":\"https:\/\/tikitaka.global\/#website\",\"url\":\"https:\/\/tikitaka.global\/\",\"name\":\"tikitaka\",\"description\":\"Sports Agency\",\"publisher\":{\"@id\":\"https:\/\/tikitaka.global\/#organization\"},\"potentialAction\":[{\"@type\":\"SearchAction\",\"target\":{\"@type\":\"EntryPoint\",\"urlTemplate\":\"https:\/\/tikitaka.global\/?s={search_term_string}\"},\"query-input\":\"required name=search_term_string\"}],\"inLanguage\":\"es\"},{\"@type\":\"Organization\",\"@id\":\"https:\/\/tikitaka.global\/#organization\",\"name\":\"tikitaka\",\"url\":\"https:\/\/tikitaka.global\/\",\"logo\":{\"@type\":\"ImageObject\",\"inLanguage\":\"es\",\"@id\":\"https:\/\/tikitaka.global\/#\/schema\/logo\/image\/\",\"url\":\"https:\/\/tikitaka.global\/wp-content\/uploads\/2022\/01\/logo_vector_negro.svg\",\"contentUrl\":\"https:\/\/tikitaka.global\/wp-content\/uploads\/2022\/01\/logo_vector_negro.svg\",\"width\":907,\"height\":233,\"caption\":\"tikitaka\"},\"image\":{\"@id\":\"https:\/\/tikitaka.global\/#\/schema\/logo\/image\/\"},\"sameAs\":[\"https:\/\/twitter.com\/tikitaka_agency\",\"https:\/\/www.instagram.com\/tikitaka.agency\/\"]}]}<\/script>\n<!-- \/ Yoast SEO plugin. -->","yoast_head_json":{"title":"Nosotros | tikitaka","robots":{"index":"index","follow":"follow","max-snippet":"max-snippet:-1","max-image-preview":"max-image-preview:large","max-video-preview":"max-video-preview:-1"},"canonical":"https:\/\/tikitaka.global\/nosotros\/","og_locale":"es_ES","og_type":"article","og_title":"Nosotros | tikitaka","og_description":"[vc_row gap=\u00bb0&#8243; equal_height=\u00bbyes\u00bb content_placement=\u00bbmiddle\u00bb css=\u00bb.vc_custom_1683155542639{padding-top: 80px !important;padding-right: 20px !important;padding-bottom: 60px !important;padding-left: 20px !important;background-color: #f8ea31 !important;}\u00bb responsive_css=\u00bbpadding_top_medium:80px|padding_right_medium:0px|padding_bottom_medium:60px|padding_left_medium:0px\u00bb][vc_column offset=\u00bbvc_col-md-5&#8243; responsive_css=\u00bbmargin_bottom_medium:0px\u00bb css=\u00bb.vc_custom_1646788983615{background-position: center !important;background-repeat: no-repeat !important;background-size: contain !important;}\u00bb][\/vc_column][vc_column parallax=\u00bbyes\u00bb width=\u00bb1\/12&#8243; scale_from_x=\u00bb1&#8243; scale_from_y=\u00bb1&#8243; from_opacity=\u00bb1&#8243; scale_to_x=\u00bb1&#8243; scale_to_y=\u00bb1&#8243; to_opacity=\u00bb1&#8243; offset=\u00bbvc_hidden-xs\u00bb translate_from_y=\u00bb-500&#8243; translate_from_z=\u00bb1&#8243; translate_to_x=\u00bb165&#8243; translate_to_y=\u00bb294&#8243; translate_from_x=\u00bb-243&#8243;][\/vc_column][vc_column offset=\u00bbvc_col-md-6&#8243; responsive_css=\u00bbpadding_right_large:7%25|padding_right_medium:5%25|padding_left_medium:8%25&#8243; css=\u00bb.vc_custom_1646778628691{background-position: center !important;background-repeat: no-repeat !important;background-size: contain !important;}\u00bb][\/vc_column][\/vc_row][vc_row full_width=\u00bbstretch_row\u00bb content_placement=\u00bbtop\u00bb parallax=\u00bbenable_parallax\u00bb bg_position=\u00bbleft center\u00bb enable_overlay=\u00bbyes\u00bb responsive_css=\u00bbpadding_top_medium:250px|padding_bottom_medium:250px\u00bb [&hellip;]","og_url":"https:\/\/tikitaka.global\/nosotros\/","og_site_name":"tikitaka","article_modified_time":"2023-05-11T23:02:31+00:00","twitter_card":"summary_large_image","twitter_site":"@tikitaka_agency","twitter_misc":{"Tiempo de lectura":"2 minutos"},"schema":{"@context":"https:\/\/schema.org","@graph":[{"@type":"WebPage","@id":"https:\/\/tikitaka.global\/nosotros\/","url":"https:\/\/tikitaka.global\/nosotros\/","name":"Nosotros | tikitaka","isPartOf":{"@id":"https:\/\/tikitaka.global\/#website"},"datePublished":"2022-03-08T23:30:36+00:00","dateModified":"2023-05-11T23:02:31+00:00","breadcrumb":{"@id":"https:\/\/tikitaka.global\/nosotros\/#breadcrumb"},"inLanguage":"es","potentialAction":[{"@type":"ReadAction","target":["https:\/\/tikitaka.global\/nosotros\/"]}]},{"@type":"BreadcrumbList","@id":"https:\/\/tikitaka.global\/nosotros\/#breadcrumb","itemListElement":[{"@type":"ListItem","position":1,"name":"Portada","item":"https:\/\/tikitaka.global\/es\/"},{"@type":"ListItem","position":2,"name":"Nosotros"}]},{"@type":"WebSite","@id":"https:\/\/tikitaka.global\/#website","url":"https:\/\/tikitaka.global\/","name":"tikitaka","description":"Sports Agency","publisher":{"@id":"https:\/\/tikitaka.global\/#organization"},"potentialAction":[{"@type":"SearchAction","target":{"@type":"EntryPoint","urlTemplate":"https:\/\/tikitaka.global\/?s={search_term_string}"},"query-input":"required name=search_term_string"}],"inLanguage":"es"},{"@type":"Organization","@id":"https:\/\/tikitaka.global\/#organization","name":"tikitaka","url":"https:\/\/tikitaka.global\/","logo":{"@type":"ImageObject","inLanguage":"es","@id":"https:\/\/tikitaka.global\/#\/schema\/logo\/image\/","url":"https:\/\/tikitaka.global\/wp-content\/uploads\/2022\/01\/logo_vector_negro.svg","contentUrl":"https:\/\/tikitaka.global\/wp-content\/uploads\/2022\/01\/logo_vector_negro.svg","width":907,"height":233,"caption":"tikitaka"},"image":{"@id":"https:\/\/tikitaka.global\/#\/schema\/logo\/image\/"},"sameAs":["https:\/\/twitter.com\/tikitaka_agency","https:\/\/www.instagram.com\/tikitaka.agency\/"]}]}},"_links":{"self":[{"href":"https:\/\/tikitaka.global\/es\/wp-json\/wp\/v2\/pages\/756","targetHints":{"allow":["GET"]}}],"collection":[{"href":"https:\/\/tikitaka.global\/es\/wp-json\/wp\/v2\/pages"}],"about":[{"href":"https:\/\/tikitaka.global\/es\/wp-json\/wp\/v2\/types\/page"}],"author":[{"embeddable":true,"href":"https:\/\/tikitaka.global\/es\/wp-json\/wp\/v2\/users\/2"}],"replies":[{"embeddable":true,"href":"https:\/\/tikitaka.global\/es\/wp-json\/wp\/v2\/comments?post=756"}],"version-history":[{"count":61,"href":"https:\/\/tikitaka.global\/es\/wp-json\/wp\/v2\/pages\/756\/revisions"}],"predecessor-version":[{"id":1504,"href":"https:\/\/tikitaka.global\/es\/wp-json\/wp\/v2\/pages\/756\/revisions\/1504"}],"wp:attachment":[{"href":"https:\/\/tikitaka.global\/es\/wp-json\/wp\/v2\/media?parent=756"}],"curies":[{"name":"wp","href":"https:\/\/api.w.org\/{rel}","templated":true}]}}